{"id":13,"date":"2021-06-08T20:45:58","date_gmt":"2021-06-08T20:45:58","guid":{"rendered":"https:\/\/dev.net-vision.cz\/autobartos\/?page_id=13"},"modified":"2022-06-20T08:08:22","modified_gmt":"2022-06-20T08:08:22","slug":"autodoprava","status":"publish","type":"page","link":"https:\/\/www.autobartos.cz\/index.php\/autodoprava\/","title":{"rendered":"Autodoprava"},"content":{"rendered":"","protected":false},"excerpt":{"rendered":"","protected":false},"author":3,"featured_media":0,"parent":0,"menu_order":0,"comment_status":"closed","ping_status":"closed","template":"","meta":{"footnotes":""},"class_list":["post-13","page","type-page","status-publish","hentry"],"yoast_head":"<!-- This site is optimized with the Yoast SEO plugin v25.6 - https:\/\/yoast.com\/wordpress\/plugins\/seo\/ -->\n<title>Autodoprava Praha 8 | Autoservis Petr Barto\u0161<\/title>\n<meta name=\"description\" content=\"Na\u0161e pobo\u010dka v Praze 8 zaji\u0161\u0165uje n\u00e1kladn\u00ed autodopravu i p\u0159epravu v\u0161ech typ\u016f zbo\u017e\u00ed a materi\u00e1lu vlastn\u00edmi vozidly.\" \/>\n<meta name=\"robots\" content=\"index, follow, max-snippet:-1, max-image-preview:large, max-video-preview:-1\" \/>\n<link rel=\"canonical\" href=\"https:\/\/www.autobartos.cz\/index.php\/autodoprava\/\" \/>\n<meta property=\"og:locale\" content=\"cs_CZ\" \/>\n<meta property=\"og:type\" content=\"article\" \/>\n<meta property=\"og:title\" content=\"Autodoprava Praha 8 | Autoservis Petr Barto\u0161\" \/>\n<meta property=\"og:description\" content=\"Na\u0161e pobo\u010dka v Praze 8 zaji\u0161\u0165uje n\u00e1kladn\u00ed autodopravu i p\u0159epravu v\u0161ech typ\u016f zbo\u017e\u00ed a materi\u00e1lu vlastn\u00edmi vozidly.\" \/>\n<meta property=\"og:url\" content=\"https:\/\/www.autobartos.cz\/index.php\/autodoprava\/\" \/>\n<meta property=\"og:site_name\" content=\"Autobartos\" \/>\n<meta property=\"article:modified_time\" content=\"2022-06-20T08:08:22+00:00\" \/>\n<meta name=\"twitter:card\" content=\"summary_large_image\" \/>\n<script type=\"application\/ld+json\" class=\"yoast-schema-graph\">{\"@context\":\"https:\/\/schema.org\",\"@graph\":[{\"@type\":\"WebPage\",\"@id\":\"https:\/\/www.autobartos.cz\/index.php\/autodoprava\/\",\"url\":\"https:\/\/www.autobartos.cz\/index.php\/autodoprava\/\",\"name\":\"Autodoprava Praha 8 | Autoservis Petr Barto\u0161\",\"isPartOf\":{\"@id\":\"https:\/\/www.autobartos.cz\/#website\"},\"datePublished\":\"2021-06-08T20:45:58+00:00\",\"dateModified\":\"2022-06-20T08:08:22+00:00\",\"description\":\"Na\u0161e pobo\u010dka v Praze 8 zaji\u0161\u0165uje n\u00e1kladn\u00ed autodopravu i p\u0159epravu v\u0161ech typ\u016f zbo\u017e\u00ed a materi\u00e1lu vlastn\u00edmi vozidly.\",\"breadcrumb\":{\"@id\":\"https:\/\/www.autobartos.cz\/index.php\/autodoprava\/#breadcrumb\"},\"inLanguage\":\"cs\",\"potentialAction\":[{\"@type\":\"ReadAction\",\"target\":[\"https:\/\/www.autobartos.cz\/index.php\/autodoprava\/\"]}]},{\"@type\":\"BreadcrumbList\",\"@id\":\"https:\/\/www.autobartos.cz\/index.php\/autodoprava\/#breadcrumb\",\"itemListElement\":[{\"@type\":\"ListItem\",\"position\":1,\"name\":\"Dom\u016f\",\"item\":\"https:\/\/www.autobartos.cz\/\"},{\"@type\":\"ListItem\",\"position\":2,\"name\":\"Autodoprava\"}]},{\"@type\":\"WebSite\",\"@id\":\"https:\/\/www.autobartos.cz\/#website\",\"url\":\"https:\/\/www.autobartos.cz\/\",\"name\":\"Autobartos\",\"description\":\"Just another WordPress site\",\"potentialAction\":[{\"@type\":\"SearchAction\",\"target\":{\"@type\":\"EntryPoint\",\"urlTemplate\":\"https:\/\/www.autobartos.cz\/?s={search_term_string}\"},\"query-input\":{\"@type\":\"PropertyValueSpecification\",\"valueRequired\":true,\"valueName\":\"search_term_string\"}}],\"inLanguage\":\"cs\"}]}<\/script>\n<!-- \/ Yoast SEO plugin. -->","yoast_head_json":{"title":"Autodoprava Praha 8 | Autoservis Petr Barto\u0161","description":"Na\u0161e pobo\u010dka v Praze 8 zaji\u0161\u0165uje n\u00e1kladn\u00ed autodopravu i p\u0159epravu v\u0161ech typ\u016f zbo\u017e\u00ed a materi\u00e1lu vlastn\u00edmi vozidly.","robots":{"index":"index","follow":"follow","max-snippet":"max-snippet:-1","max-image-preview":"max-image-preview:large","max-video-preview":"max-video-preview:-1"},"canonical":"https:\/\/www.autobartos.cz\/index.php\/autodoprava\/","og_locale":"cs_CZ","og_type":"article","og_title":"Autodoprava Praha 8 | Autoservis Petr Barto\u0161","og_description":"Na\u0161e pobo\u010dka v Praze 8 zaji\u0161\u0165uje n\u00e1kladn\u00ed autodopravu i p\u0159epravu v\u0161ech typ\u016f zbo\u017e\u00ed a materi\u00e1lu vlastn\u00edmi vozidly.","og_url":"https:\/\/www.autobartos.cz\/index.php\/autodoprava\/","og_site_name":"Autobartos","article_modified_time":"2022-06-20T08:08:22+00:00","twitter_card":"summary_large_image","schema":{"@context":"https:\/\/schema.org","@graph":[{"@type":"WebPage","@id":"https:\/\/www.autobartos.cz\/index.php\/autodoprava\/","url":"https:\/\/www.autobartos.cz\/index.php\/autodoprava\/","name":"Autodoprava Praha 8 | Autoservis Petr Barto\u0161","isPartOf":{"@id":"https:\/\/www.autobartos.cz\/#website"},"datePublished":"2021-06-08T20:45:58+00:00","dateModified":"2022-06-20T08:08:22+00:00","description":"Na\u0161e pobo\u010dka v Praze 8 zaji\u0161\u0165uje n\u00e1kladn\u00ed autodopravu i p\u0159epravu v\u0161ech typ\u016f zbo\u017e\u00ed a materi\u00e1lu vlastn\u00edmi vozidly.","breadcrumb":{"@id":"https:\/\/www.autobartos.cz\/index.php\/autodoprava\/#breadcrumb"},"inLanguage":"cs","potentialAction":[{"@type":"ReadAction","target":["https:\/\/www.autobartos.cz\/index.php\/autodoprava\/"]}]},{"@type":"BreadcrumbList","@id":"https:\/\/www.autobartos.cz\/index.php\/autodoprava\/#breadcrumb","itemListElement":[{"@type":"ListItem","position":1,"name":"Dom\u016f","item":"https:\/\/www.autobartos.cz\/"},{"@type":"ListItem","position":2,"name":"Autodoprava"}]},{"@type":"WebSite","@id":"https:\/\/www.autobartos.cz\/#website","url":"https:\/\/www.autobartos.cz\/","name":"Autobartos","description":"Just another WordPress site","potentialAction":[{"@type":"SearchAction","target":{"@type":"EntryPoint","urlTemplate":"https:\/\/www.autobartos.cz\/?s={search_term_string}"},"query-input":{"@type":"PropertyValueSpecification","valueRequired":true,"valueName":"search_term_string"}}],"inLanguage":"cs"}]}},"_links":{"self":[{"href":"https:\/\/www.autobartos.cz\/index.php\/wp-json\/wp\/v2\/pages\/13","targetHints":{"allow":["GET"]}}],"collection":[{"href":"https:\/\/www.autobartos.cz\/index.php\/wp-json\/wp\/v2\/pages"}],"about":[{"href":"https:\/\/www.autobartos.cz\/index.php\/wp-json\/wp\/v2\/types\/page"}],"author":[{"embeddable":true,"href":"https:\/\/www.autobartos.cz\/index.php\/wp-json\/wp\/v2\/users\/3"}],"replies":[{"embeddable":true,"href":"https:\/\/www.autobartos.cz\/index.php\/wp-json\/wp\/v2\/comments?post=13"}],"version-history":[{"count":1,"href":"https:\/\/www.autobartos.cz\/index.php\/wp-json\/wp\/v2\/pages\/13\/revisions"}],"predecessor-version":[{"id":14,"href":"https:\/\/www.autobartos.cz\/index.php\/wp-json\/wp\/v2\/pages\/13\/revisions\/14"}],"wp:attachment":[{"href":"https:\/\/www.autobartos.cz\/index.php\/wp-json\/wp\/v2\/media?parent=13"}],"curies":[{"name":"wp","href":"https:\/\/api.w.org\/{rel}","templated":true}]}}